{"id":113,"date":"2024-03-05T15:06:12","date_gmt":"2024-03-05T14:06:12","guid":{"rendered":"https:\/\/opale-videosurveillance.fr\/?page_id=113"},"modified":"2026-01-08T17:13:38","modified_gmt":"2026-01-08T16:13:38","slug":"nous-contacter-2","status":"publish","type":"page","link":"https:\/\/opale-videosurveillance.fr\/nous-contacter-2\/","title":{"rendered":"Nous contacter"},"content":{"rendered":"<p>[et_pb_section fb_built=\u00a0\u00bb1&Prime; _builder_version=\u00a0\u00bb4.17.0&Prime; _module_preset=\u00a0\u00bbdefault\u00a0\u00bb global_colors_info=\u00a0\u00bb{}\u00a0\u00bb][et_pb_row _builder_version=\u00a0\u00bb4.17.0&Prime; _module_preset=\u00a0\u00bbdefault\u00a0\u00bb global_colors_info=\u00a0\u00bb{}\u00a0\u00bb][et_pb_column type=\u00a0\u00bb4_4&Prime; _builder_version=\u00a0\u00bb4.17.0&Prime; _module_preset=\u00a0\u00bbdefault\u00a0\u00bb global_colors_info=\u00a0\u00bb{}\u00a0\u00bb][et_pb_text _builder_version=\u00a0\u00bb4.17.0&Prime; _module_preset=\u00a0\u00bbdefault\u00a0\u00bb global_colors_info=\u00a0\u00bb{}\u00a0\u00bb]<\/p>\n<p style=\"text-align: center;\"><strong>Un projet ?, besoin d&rsquo;un devis ? Contactez nous:<\/strong><\/p>\n<p>[\/et_pb_text][\/et_pb_column][\/et_pb_row][et_pb_row column_structure=\u00a0\u00bb3_5,1_5,1_5&Prime; _builder_version=\u00a0\u00bb4.17.0&Prime; _module_preset=\u00a0\u00bbdefault\u00a0\u00bb global_colors_info=\u00a0\u00bb{}\u00a0\u00bb][et_pb_column type=\u00a0\u00bb3_5&Prime; _builder_version=\u00a0\u00bb4.17.0&Prime; _module_preset=\u00a0\u00bbdefault\u00a0\u00bb global_colors_info=\u00a0\u00bb{}\u00a0\u00bb][et_pb_contact_form use_spam_service=\u00a0\u00bbon\u00a0\u00bb recaptcha_list=\u00a0\u00bbopale video surveillance|opale video surveillance-0&Prime; email=\u00a0\u00bbmoscufo@point-tech.fr\u00a0\u00bb success_message=\u00a0\u00bbNous avons bien recu votre demande. Nous allons vous r\u00e9pondre dans les plus brefs d\u00e9laisles l\u00a0\u00bb submit_button_text=\u00a0\u00bbEnvoyer\u00a0\u00bb _builder_version=\u00a0\u00bb4.17.0&Prime; _module_preset=\u00a0\u00bbdefault\u00a0\u00bb _unique_id=\u00a0\u00bb789d866c-71f4-4593-906f-ed9da63b3fbc\u00a0\u00bb hover_enabled=\u00a0\u00bb0&Prime; global_colors_info=\u00a0\u00bb{}\u00a0\u00bb sticky_enabled=\u00a0\u00bb0&Prime;][et_pb_contact_field field_id=\u00a0\u00bbName\u00a0\u00bb field_title=\u00a0\u00bbNom\u00a0\u00bb _builder_version=\u00a0\u00bb4.17.0&Prime; global_colors_info=\u00a0\u00bb{}\u00a0\u00bb button_text_size__hover_enabled=\u00a0\u00bboff\u00a0\u00bb button_one_text_size__hover_enabled=\u00a0\u00bboff\u00a0\u00bb button_two_text_size__hover_enabled=\u00a0\u00bboff\u00a0\u00bb button_text_color__hover_enabled=\u00a0\u00bboff\u00a0\u00bb button_one_text_color__hover_enabled=\u00a0\u00bboff\u00a0\u00bb button_two_text_color__hover_enabled=\u00a0\u00bboff\u00a0\u00bb button_border_width__hover_enabled=\u00a0\u00bboff\u00a0\u00bb button_one_border_width__hover_enabled=\u00a0\u00bboff\u00a0\u00bb button_two_border_width__hover_enabled=\u00a0\u00bboff\u00a0\u00bb button_border_color__hover_enabled=\u00a0\u00bboff\u00a0\u00bb button_one_border_color__hover_enabled=\u00a0\u00bboff\u00a0\u00bb button_two_border_color__hover_enabled=\u00a0\u00bboff\u00a0\u00bb button_border_radius__hover_enabled=\u00a0\u00bboff\u00a0\u00bb button_one_border_radius__hover_enabled=\u00a0\u00bboff\u00a0\u00bb button_two_border_radius__hover_enabled=\u00a0\u00bboff\u00a0\u00bb button_letter_spacing__hover_enabled=\u00a0\u00bboff\u00a0\u00bb button_one_letter_spacing__hover_enabled=\u00a0\u00bboff\u00a0\u00bb button_two_letter_spacing__hover_enabled=\u00a0\u00bboff\u00a0\u00bb button_bg_color__hover_enabled=\u00a0\u00bboff\u00a0\u00bb button_one_bg_color__hover_enabled=\u00a0\u00bboff\u00a0\u00bb button_two_bg_color__hover_enabled=\u00a0\u00bboff\u00a0\u00bb][\/et_pb_contact_field][et_pb_contact_field field_id=\u00a0\u00bbEmail\u00a0\u00bb field_title=\u00a0\u00bbAdresse e-mail\u00a0\u00bb field_type=\u00a0\u00bbemail\u00a0\u00bb _builder_version=\u00a0\u00bb4.16&Prime; global_colors_info=\u00a0\u00bb{}\u00a0\u00bb button_text_size__hover_enabled=\u00a0\u00bboff\u00a0\u00bb button_one_text_size__hover_enabled=\u00a0\u00bboff\u00a0\u00bb button_two_text_size__hover_enabled=\u00a0\u00bboff\u00a0\u00bb button_text_color__hover_enabled=\u00a0\u00bboff\u00a0\u00bb button_one_text_color__hover_enabled=\u00a0\u00bboff\u00a0\u00bb button_two_text_color__hover_enabled=\u00a0\u00bboff\u00a0\u00bb button_border_width__hover_enabled=\u00a0\u00bboff\u00a0\u00bb button_one_border_width__hover_enabled=\u00a0\u00bboff\u00a0\u00bb button_two_border_width__hover_enabled=\u00a0\u00bboff\u00a0\u00bb button_border_color__hover_enabled=\u00a0\u00bboff\u00a0\u00bb button_one_border_color__hover_enabled=\u00a0\u00bboff\u00a0\u00bb button_two_border_color__hover_enabled=\u00a0\u00bboff\u00a0\u00bb button_border_radius__hover_enabled=\u00a0\u00bboff\u00a0\u00bb button_one_border_radius__hover_enabled=\u00a0\u00bboff\u00a0\u00bb button_two_border_radius__hover_enabled=\u00a0\u00bboff\u00a0\u00bb button_letter_spacing__hover_enabled=\u00a0\u00bboff\u00a0\u00bb button_one_letter_spacing__hover_enabled=\u00a0\u00bboff\u00a0\u00bb button_two_letter_spacing__hover_enabled=\u00a0\u00bboff\u00a0\u00bb button_bg_color__hover_enabled=\u00a0\u00bboff\u00a0\u00bb button_one_bg_color__hover_enabled=\u00a0\u00bboff\u00a0\u00bb button_two_bg_color__hover_enabled=\u00a0\u00bboff\u00a0\u00bb][\/et_pb_contact_field][et_pb_contact_field field_id=\u00a0\u00bbMessage\u00a0\u00bb field_title=\u00a0\u00bbMessage\u00a0\u00bb field_type=\u00a0\u00bbtext\u00a0\u00bb fullwidth_field=\u00a0\u00bbon\u00a0\u00bb _builder_version=\u00a0\u00bb4.16&Prime; global_colors_info=\u00a0\u00bb{}\u00a0\u00bb button_text_size__hover_enabled=\u00a0\u00bboff\u00a0\u00bb button_one_text_size__hover_enabled=\u00a0\u00bboff\u00a0\u00bb button_two_text_size__hover_enabled=\u00a0\u00bboff\u00a0\u00bb button_text_color__hover_enabled=\u00a0\u00bboff\u00a0\u00bb button_one_text_color__hover_enabled=\u00a0\u00bboff\u00a0\u00bb button_two_text_color__hover_enabled=\u00a0\u00bboff\u00a0\u00bb button_border_width__hover_enabled=\u00a0\u00bboff\u00a0\u00bb button_one_border_width__hover_enabled=\u00a0\u00bboff\u00a0\u00bb button_two_border_width__hover_enabled=\u00a0\u00bboff\u00a0\u00bb button_border_color__hover_enabled=\u00a0\u00bboff\u00a0\u00bb button_one_border_color__hover_enabled=\u00a0\u00bboff\u00a0\u00bb button_two_border_color__hover_enabled=\u00a0\u00bboff\u00a0\u00bb button_border_radius__hover_enabled=\u00a0\u00bboff\u00a0\u00bb button_one_border_radius__hover_enabled=\u00a0\u00bboff\u00a0\u00bb button_two_border_radius__hover_enabled=\u00a0\u00bboff\u00a0\u00bb button_letter_spacing__hover_enabled=\u00a0\u00bboff\u00a0\u00bb button_one_letter_spacing__hover_enabled=\u00a0\u00bboff\u00a0\u00bb button_two_letter_spacing__hover_enabled=\u00a0\u00bboff\u00a0\u00bb button_bg_color__hover_enabled=\u00a0\u00bboff\u00a0\u00bb button_one_bg_color__hover_enabled=\u00a0\u00bboff\u00a0\u00bb button_two_bg_color__hover_enabled=\u00a0\u00bboff\u00a0\u00bb][\/et_pb_contact_field][\/et_pb_contact_form][\/et_pb_column][et_pb_column type=\u00a0\u00bb1_5&Prime; _builder_version=\u00a0\u00bb4.17.0&Prime; _module_preset=\u00a0\u00bbdefault\u00a0\u00bb global_colors_info=\u00a0\u00bb{}\u00a0\u00bb][et_pb_text _builder_version=\u00a0\u00bb4.17.0&Prime; _module_preset=\u00a0\u00bbdefault\u00a0\u00bb hover_enabled=\u00a0\u00bb0&Prime; global_colors_info=\u00a0\u00bb{}\u00a0\u00bb sticky_enabled=\u00a0\u00bb0&Prime;]<\/p>\n<p><strong>Adresse: <\/strong><\/p>\n<p><strong><\/strong><\/p>\n<p><strong><\/strong><\/p>\n<p>128 boulevard lafayette<\/p>\n<p>62100 Calais<\/p>\n<p>Tel: 03 74 96 01 07<\/p>\n<p>[\/et_pb_text][\/et_pb_column][et_pb_column type=\u00a0\u00bb1_5&Prime; _builder_version=\u00a0\u00bb4.17.0&Prime; _module_preset=\u00a0\u00bbdefault\u00a0\u00bb global_colors_info=\u00a0\u00bb{}\u00a0\u00bb][et_pb_text _builder_version=\u00a0\u00bb4.17.0&Prime; _module_preset=\u00a0\u00bbdefault\u00a0\u00bb global_colors_info=\u00a0\u00bb{}\u00a0\u00bb]<\/p>\n<p><strong>Horaires d&rsquo;ouverture:<\/strong><\/p>\n<p>Du lundi au vendredi<\/p>\n<p>de 14h \u00e0 18h<\/p>\n<p>Sur rendez-vous le matin.<\/p>\n<p>[\/et_pb_text][\/et_pb_column][\/et_pb_row][\/et_pb_section]<\/p>\n","protected":false},"excerpt":{"rendered":"<p>Un projet ?, besoin d&rsquo;un devis ? Contactez nous:Adresse: 128 boulevard lafayette 62100 Calais Tel: 03 74 96 01 07Horaires d&rsquo;ouverture: Du lundi au vendredi de 14h \u00e0 18h Sur rendez-vous le matin.<\/p>\n","protected":false},"author":1,"featured_media":0,"parent":0,"menu_order":0,"comment_status":"closed","ping_status":"closed","template":"","meta":{"_et_pb_use_builder":"on","_et_pb_old_content":"","_et_gb_content_width":"","footnotes":""},"class_list":["post-113","page","type-page","status-publish","hentry"],"yoast_head":"<!-- This site is optimized with the Yoast SEO plugin v27.2 - https:\/\/yoast.com\/product\/yoast-seo-wordpress\/ -->\n<title>Nous contacter - Opale vid\u00e9o-surveillance<\/title>\n<meta name=\"robots\" content=\"index, follow, max-snippet:-1, max-image-preview:large, max-video-preview:-1\" \/>\n<link rel=\"canonical\" href=\"https:\/\/opale-videosurveillance.fr\/nous-contacter-2\/\" \/>\n<meta property=\"og:locale\" content=\"fr_FR\" \/>\n<meta property=\"og:type\" content=\"article\" \/>\n<meta property=\"og:title\" content=\"Nous contacter - Opale vid\u00e9o-surveillance\" \/>\n<meta property=\"og:description\" content=\"Un projet ?, besoin d&#039;un devis ? Contactez nous:Adresse: 128 boulevard lafayette 62100 Calais Tel: 03 74 96 01 07Horaires d&#039;ouverture: Du lundi au vendredi de 14h \u00e0 18h Sur rendez-vous le matin.\" \/>\n<meta property=\"og:url\" content=\"https:\/\/opale-videosurveillance.fr\/nous-contacter-2\/\" \/>\n<meta property=\"og:site_name\" content=\"Opale vid\u00e9o-surveillance\" \/>\n<meta property=\"article:publisher\" content=\"https:\/\/www.facebook.com\/opalevideosurveillance\" \/>\n<meta property=\"article:modified_time\" content=\"2026-01-08T16:13:38+00:00\" \/>\n<meta name=\"twitter:card\" content=\"summary_large_image\" \/>\n<meta name=\"twitter:label1\" content=\"Dur\u00e9e de lecture estim\u00e9e\" \/>\n\t<meta name=\"twitter:data1\" content=\"4 minutes\" \/>\n<script type=\"application\/ld+json\" class=\"yoast-schema-graph\">{\"@context\":\"https:\/\/schema.org\",\"@graph\":[{\"@type\":\"WebPage\",\"@id\":\"https:\/\/opale-videosurveillance.fr\/nous-contacter-2\/\",\"url\":\"https:\/\/opale-videosurveillance.fr\/nous-contacter-2\/\",\"name\":\"Nous contacter - Opale vid\u00e9o-surveillance\",\"isPartOf\":{\"@id\":\"https:\/\/opale-videosurveillance.fr\/#website\"},\"datePublished\":\"2024-03-05T14:06:12+00:00\",\"dateModified\":\"2026-01-08T16:13:38+00:00\",\"breadcrumb\":{\"@id\":\"https:\/\/opale-videosurveillance.fr\/nous-contacter-2\/#breadcrumb\"},\"inLanguage\":\"fr-FR\",\"potentialAction\":[{\"@type\":\"ReadAction\",\"target\":[\"https:\/\/opale-videosurveillance.fr\/nous-contacter-2\/\"]}]},{\"@type\":\"BreadcrumbList\",\"@id\":\"https:\/\/opale-videosurveillance.fr\/nous-contacter-2\/#breadcrumb\",\"itemListElement\":[{\"@type\":\"ListItem\",\"position\":1,\"name\":\"Accueil\",\"item\":\"https:\/\/opale-videosurveillance.fr\/\"},{\"@type\":\"ListItem\",\"position\":2,\"name\":\"Nous contacter\"}]},{\"@type\":\"WebSite\",\"@id\":\"https:\/\/opale-videosurveillance.fr\/#website\",\"url\":\"https:\/\/opale-videosurveillance.fr\/\",\"name\":\"Opale vid\u00e9o-surveillance\",\"description\":\"S\u00e9curit\u00e9 connect\u00e9e\",\"publisher\":{\"@id\":\"https:\/\/opale-videosurveillance.fr\/#organization\"},\"potentialAction\":[{\"@type\":\"SearchAction\",\"target\":{\"@type\":\"EntryPoint\",\"urlTemplate\":\"https:\/\/opale-videosurveillance.fr\/?s={search_term_string}\"},\"query-input\":{\"@type\":\"PropertyValueSpecification\",\"valueRequired\":true,\"valueName\":\"search_term_string\"}}],\"inLanguage\":\"fr-FR\"},{\"@type\":\"Organization\",\"@id\":\"https:\/\/opale-videosurveillance.fr\/#organization\",\"name\":\"Opale vid\u00e9o-surveillance\",\"url\":\"https:\/\/opale-videosurveillance.fr\/\",\"logo\":{\"@type\":\"ImageObject\",\"inLanguage\":\"fr-FR\",\"@id\":\"https:\/\/opale-videosurveillance.fr\/#\/schema\/logo\/image\/\",\"url\":\"https:\/\/opale-videosurveillance.fr\/wp-content\/uploads\/2024\/04\/logo-point-tech-new.png\",\"contentUrl\":\"https:\/\/opale-videosurveillance.fr\/wp-content\/uploads\/2024\/04\/logo-point-tech-new.png\",\"width\":1755,\"height\":1080,\"caption\":\"Opale vid\u00e9o-surveillance\"},\"image\":{\"@id\":\"https:\/\/opale-videosurveillance.fr\/#\/schema\/logo\/image\/\"},\"sameAs\":[\"https:\/\/www.facebook.com\/opalevideosurveillance\"]}]}<\/script>\n<!-- \/ Yoast SEO plugin. -->","yoast_head_json":{"title":"Nous contacter - Opale vid\u00e9o-surveillance","robots":{"index":"index","follow":"follow","max-snippet":"max-snippet:-1","max-image-preview":"max-image-preview:large","max-video-preview":"max-video-preview:-1"},"canonical":"https:\/\/opale-videosurveillance.fr\/nous-contacter-2\/","og_locale":"fr_FR","og_type":"article","og_title":"Nous contacter - Opale vid\u00e9o-surveillance","og_description":"Un projet ?, besoin d'un devis ? Contactez nous:Adresse: 128 boulevard lafayette 62100 Calais Tel: 03 74 96 01 07Horaires d'ouverture: Du lundi au vendredi de 14h \u00e0 18h Sur rendez-vous le matin.","og_url":"https:\/\/opale-videosurveillance.fr\/nous-contacter-2\/","og_site_name":"Opale vid\u00e9o-surveillance","article_publisher":"https:\/\/www.facebook.com\/opalevideosurveillance","article_modified_time":"2026-01-08T16:13:38+00:00","twitter_card":"summary_large_image","twitter_misc":{"Dur\u00e9e de lecture estim\u00e9e":"4 minutes"},"schema":{"@context":"https:\/\/schema.org","@graph":[{"@type":"WebPage","@id":"https:\/\/opale-videosurveillance.fr\/nous-contacter-2\/","url":"https:\/\/opale-videosurveillance.fr\/nous-contacter-2\/","name":"Nous contacter - Opale vid\u00e9o-surveillance","isPartOf":{"@id":"https:\/\/opale-videosurveillance.fr\/#website"},"datePublished":"2024-03-05T14:06:12+00:00","dateModified":"2026-01-08T16:13:38+00:00","breadcrumb":{"@id":"https:\/\/opale-videosurveillance.fr\/nous-contacter-2\/#breadcrumb"},"inLanguage":"fr-FR","potentialAction":[{"@type":"ReadAction","target":["https:\/\/opale-videosurveillance.fr\/nous-contacter-2\/"]}]},{"@type":"BreadcrumbList","@id":"https:\/\/opale-videosurveillance.fr\/nous-contacter-2\/#breadcrumb","itemListElement":[{"@type":"ListItem","position":1,"name":"Accueil","item":"https:\/\/opale-videosurveillance.fr\/"},{"@type":"ListItem","position":2,"name":"Nous contacter"}]},{"@type":"WebSite","@id":"https:\/\/opale-videosurveillance.fr\/#website","url":"https:\/\/opale-videosurveillance.fr\/","name":"Opale vid\u00e9o-surveillance","description":"S\u00e9curit\u00e9 connect\u00e9e","publisher":{"@id":"https:\/\/opale-videosurveillance.fr\/#organization"},"potentialAction":[{"@type":"SearchAction","target":{"@type":"EntryPoint","urlTemplate":"https:\/\/opale-videosurveillance.fr\/?s={search_term_string}"},"query-input":{"@type":"PropertyValueSpecification","valueRequired":true,"valueName":"search_term_string"}}],"inLanguage":"fr-FR"},{"@type":"Organization","@id":"https:\/\/opale-videosurveillance.fr\/#organization","name":"Opale vid\u00e9o-surveillance","url":"https:\/\/opale-videosurveillance.fr\/","logo":{"@type":"ImageObject","inLanguage":"fr-FR","@id":"https:\/\/opale-videosurveillance.fr\/#\/schema\/logo\/image\/","url":"https:\/\/opale-videosurveillance.fr\/wp-content\/uploads\/2024\/04\/logo-point-tech-new.png","contentUrl":"https:\/\/opale-videosurveillance.fr\/wp-content\/uploads\/2024\/04\/logo-point-tech-new.png","width":1755,"height":1080,"caption":"Opale vid\u00e9o-surveillance"},"image":{"@id":"https:\/\/opale-videosurveillance.fr\/#\/schema\/logo\/image\/"},"sameAs":["https:\/\/www.facebook.com\/opalevideosurveillance"]}]}},"_links":{"self":[{"href":"https:\/\/opale-videosurveillance.fr\/wp-json\/wp\/v2\/pages\/113","targetHints":{"allow":["GET"]}}],"collection":[{"href":"https:\/\/opale-videosurveillance.fr\/wp-json\/wp\/v2\/pages"}],"about":[{"href":"https:\/\/opale-videosurveillance.fr\/wp-json\/wp\/v2\/types\/page"}],"author":[{"embeddable":true,"href":"https:\/\/opale-videosurveillance.fr\/wp-json\/wp\/v2\/users\/1"}],"replies":[{"embeddable":true,"href":"https:\/\/opale-videosurveillance.fr\/wp-json\/wp\/v2\/comments?post=113"}],"version-history":[{"count":10,"href":"https:\/\/opale-videosurveillance.fr\/wp-json\/wp\/v2\/pages\/113\/revisions"}],"predecessor-version":[{"id":371,"href":"https:\/\/opale-videosurveillance.fr\/wp-json\/wp\/v2\/pages\/113\/revisions\/371"}],"wp:attachment":[{"href":"https:\/\/opale-videosurveillance.fr\/wp-json\/wp\/v2\/media?parent=113"}],"curies":[{"name":"wp","href":"https:\/\/api.w.org\/{rel}","templated":true}]}}