{"id":146,"date":"2024-03-06T18:44:18","date_gmt":"2024-03-06T17:44:18","guid":{"rendered":"https:\/\/opale-videosurveillance.fr\/?page_id=146"},"modified":"2026-03-25T10:59:25","modified_gmt":"2026-03-25T09:59:25","slug":"installation-de-systemes-de-securite","status":"publish","type":"page","link":"https:\/\/opale-videosurveillance.fr\/","title":{"rendered":"Solutions de s\u00e9curit\u00e9"},"content":{"rendered":"<p>[et_pb_section fb_built=\u00a0\u00bb1&Prime; _builder_version=\u00a0\u00bb4.17.0&Prime; _module_preset=\u00a0\u00bbdefault\u00a0\u00bb custom_padding=\u00a0\u00bb0px||6px|||\u00a0\u00bb global_colors_info=\u00a0\u00bb{}\u00a0\u00bb][et_pb_row _builder_version=\u00a0\u00bb4.17.0&Prime; _module_preset=\u00a0\u00bbdefault\u00a0\u00bb global_colors_info=\u00a0\u00bb{}\u00a0\u00bb][et_pb_column type=\u00a0\u00bb4_4&Prime; _builder_version=\u00a0\u00bb4.17.0&Prime; _module_preset=\u00a0\u00bbdefault\u00a0\u00bb global_colors_info=\u00a0\u00bb{}\u00a0\u00bb][et_pb_text _builder_version=\u00a0\u00bb4.17.0&Prime; _module_preset=\u00a0\u00bbdefault\u00a0\u00bb hover_enabled=\u00a0\u00bb0&Prime; global_colors_info=\u00a0\u00bb{}\u00a0\u00bb sticky_enabled=\u00a0\u00bb0&Prime;]<\/p>\n<h1 style=\"text-align: center;\">Installateur de syst\u00e8mes de vid\u00e9oprotection et d&rsquo;alarmes intrusion depuis 2006.<\/h1>\n<p>[\/et_pb_text][\/et_pb_column][\/et_pb_row][\/et_pb_section][et_pb_section fb_built=\u00a0\u00bb1&Prime; _builder_version=\u00a0\u00bb4.17.0&Prime; _module_preset=\u00a0\u00bbdefault\u00a0\u00bb background_color=\u00a0\u00bb#D6D6D6&Prime; background_enable_image=\u00a0\u00bboff\u00a0\u00bb parallax=\u00a0\u00bbon\u00a0\u00bb global_colors_info=\u00a0\u00bb{}\u00a0\u00bb][et_pb_row column_structure=\u00a0\u00bb1_2,1_2&Prime; _builder_version=\u00a0\u00bb4.17.0&Prime; _module_preset=\u00a0\u00bbdefault\u00a0\u00bb global_colors_info=\u00a0\u00bb{}\u00a0\u00bb][et_pb_column type=\u00a0\u00bb1_2&Prime; _builder_version=\u00a0\u00bb4.17.0&Prime; _module_preset=\u00a0\u00bbdefault\u00a0\u00bb global_colors_info=\u00a0\u00bb{}\u00a0\u00bb][et_pb_text _builder_version=\u00a0\u00bb4.17.0&Prime; _module_preset=\u00a0\u00bbdefault\u00a0\u00bb hover_enabled=\u00a0\u00bb0&Prime; global_colors_info=\u00a0\u00bb{}\u00a0\u00bb sticky_enabled=\u00a0\u00bb0&Prime;]<\/p>\n<h3>Opale videosurveillance <span style=\"color: #993300;\">by Point technologies<\/span><\/h3>\n<p><span style=\"color: #993300;\"><\/span><\/p>\n<p><span style=\"color: #993300;\"><\/span><\/p>\n<p><span style=\"color: #993300;\"><img decoding=\"async\" src=\"https:\/\/opale-videosurveillance.fr\/wp-content\/uploads\/2024\/04\/logo-point-tech-new-300x185.png\" width=\"154\" height=\"95\" alt=\"\" class=\"wp-image-223 alignnone size-medium\" \/><\/span><\/p>\n<p><span style=\"color: #993300;\"><\/span><\/p>\n<p><span style=\"color: #993300;\"><\/span><\/p>\n<h1><span style=\"color: #000080;\">Sp\u00e9cialiste de l&rsquo;installation de syst\u00e8mes de s\u00e9curit\u00e9<\/span><\/h1>\n<p><span style=\"color: #000080;\"><\/span><\/p>\n<p><span style=\"color: #000080;\"><\/span><\/p>\n<p><span style=\"color: #000080;\"><\/span><\/p>\n<p><span style=\"color: #000080;\"><\/span><\/p>\n<p><strong>Entreprise sp\u00e9cialis\u00e9e dans les syt\u00e8mes de protections et de surveillance des locaux et habitations pour les particuliers et les professionnels.<\/strong><\/p>\n<p>&nbsp;<\/p>\n<ul>\n<li>Nous installons des syst\u00e8mes d&rsquo;alarme filaire et sans fil pour les professionnels et les particulier.<\/li>\n<li>Des syst\u00e8mes de videoprotection analogiques et sur ip<\/li>\n<li>Des syst\u00e8mes de contr\u00f4le d&rsquo;acc\u00e8s pour entreprises.<\/li>\n<li>Des portiers vid\u00e9o.<\/li>\n<\/ul>\n<p><strong>Professionnel certifi\u00e9 Ajax <span style=\"color: #ff0000;\">S<\/span>uperior gamme sans fil et hybride fibra<\/strong><\/p>\n<p>[\/et_pb_text][\/et_pb_column][et_pb_column type=\u00a0\u00bb1_2&Prime; _builder_version=\u00a0\u00bb4.17.0&Prime; _module_preset=\u00a0\u00bbdefault\u00a0\u00bb global_colors_info=\u00a0\u00bb{}\u00a0\u00bb][et_pb_image src=\u00a0\u00bbhttps:\/\/opale-videosurveillance.fr\/wp-content\/uploads\/2023\/09\/DevicesWhite.png\u00a0\u00bb title_text=\u00a0\u00bbDevicesWhite\u00a0\u00bb _builder_version=\u00a0\u00bb4.17.0&Prime; _module_preset=\u00a0\u00bbdefault\u00a0\u00bb global_colors_info=\u00a0\u00bb{}\u00a0\u00bb][\/et_pb_image][et_pb_image src=\u00a0\u00bbhttps:\/\/opale-videosurveillance.fr\/wp-content\/uploads\/2024\/04\/Systeme-videos.jpg\u00a0\u00bb title_text=\u00a0\u00bbSyst\u00e8me-vid\u00e9os\u00a0\u00bb _builder_version=\u00a0\u00bb4.17.0&Prime; _module_preset=\u00a0\u00bbdefault\u00a0\u00bb global_colors_info=\u00a0\u00bb{}\u00a0\u00bb][\/et_pb_image][\/et_pb_column][\/et_pb_row][\/et_pb_section][et_pb_section fb_built=\u00a0\u00bb1&Prime; _builder_version=\u00a0\u00bb4.17.0&Prime; _module_preset=\u00a0\u00bbdefault\u00a0\u00bb background_color=\u00a0\u00bb#FFFFFF\u00a0\u00bb background_image=\u00a0\u00bbhttps:\/\/opale-videosurveillance.fr\/wp-content\/uploads\/2023\/09\/SF-IPPT404ZWA-4E.png\u00a0\u00bb background_size=\u00a0\u00bbcustom\u00a0\u00bb background_image_width=\u00a0\u00bb24%\u00a0\u00bb background_position=\u00a0\u00bbcenter_left\u00a0\u00bb background_blend=\u00a0\u00bbdarken\u00a0\u00bb global_colors_info=\u00a0\u00bb{}\u00a0\u00bb][et_pb_row _builder_version=\u00a0\u00bb4.17.0&Prime; _module_preset=\u00a0\u00bbdefault\u00a0\u00bb global_colors_info=\u00a0\u00bb{}\u00a0\u00bb][et_pb_column type=\u00a0\u00bb4_4&Prime; _builder_version=\u00a0\u00bb4.17.0&Prime; _module_preset=\u00a0\u00bbdefault\u00a0\u00bb global_colors_info=\u00a0\u00bb{}\u00a0\u00bb][et_pb_text _builder_version=\u00a0\u00bb4.17.0&Prime; _module_preset=\u00a0\u00bbdefault\u00a0\u00bb hover_enabled=\u00a0\u00bb0&Prime; global_colors_info=\u00a0\u00bb{}\u00a0\u00bb sticky_enabled=\u00a0\u00bb0&Prime;]<\/p>\n<h1 style=\"text-align: center;\"><span style=\"color: #333399;\"> Pr\u00e9sent depuis 2006 sur la c\u00f4te d&rsquo;opale et Saint Omer<\/span><\/h1>\n<p><span style=\"color: #3366ff;\"><\/span><\/p>\n<p><span style=\"color: #3366ff;\"><\/span><\/p>\n<p><span style=\"color: #3366ff;\"><\/span><\/p>\n<h2 style=\"text-align: center;\"><span style=\"color: #993300;\">Un professionnel certifi\u00e9 de la s\u00e9curit\u00e9<\/span><\/h2>\n<p><span style=\"color: #ff0000;\"><\/span><\/p>\n<p style=\"text-align: center;\"><span style=\"color: #333399;\">Certifications<\/span><\/p>\n<p style=\"text-align: center;\"><span style=\"color: #808080;\">Mat\u00e9riel nfa2p et\/ou EN50131 grade 2 et 3, centre de t\u00e9l\u00e9surveillance apsad p3.<\/span><\/p>\n<h3><span style=\"color: #333399;\"><img decoding=\"async\" src=\"https:\/\/opale-videosurveillance.fr\/wp-content\/uploads\/2024\/03\/en50131.jpg\" width=\"46\" height=\"46\" alt=\"\" class=\"wp-image-151 alignnone size-medium\" style=\"display: block; margin-left: auto; margin-right: auto;\" srcset=\"https:\/\/opale-videosurveillance.fr\/wp-content\/uploads\/2024\/03\/en50131.jpg 225w, https:\/\/opale-videosurveillance.fr\/wp-content\/uploads\/2024\/03\/en50131-150x150.jpg 150w\" sizes=\"(max-width: 46px) 100vw, 46px\" \/><\/span><\/h3>\n<h3 style=\"text-align: center;\"><span style=\"color: #333399;\"><img decoding=\"async\" src=\"https:\/\/opale-videosurveillance.fr\/wp-content\/uploads\/2024\/03\/Sans-titre.jpg\" width=\"47\" height=\"59\" alt=\"\" class=\"wp-image-152 alignnone size-medium\" \/><\/span><\/h3>\n<p><span style=\"color: #333399;\">\u00a0 \u00a0 \u00a0 \u00a0 \u00a0 \u00a0 \u00a0 \u00a0 \u00a0 \u00a0 \u00a0 \u00a0 \u00a0 \u00a0 \u00a0 \u00a0 \u00a0 \u00a0 \u00a0 \u00a0 \u00a0 \u00a0 \u00a0 \u00a0 \u00a0 \u00a0 \u00a0 \u00a0 \u00a0 \u00a0 \u00a0 \u00a0 \u00a0 \u00a0 \u00a0 \u00a0 \u00a0 \u00a0 \u00a0 \u00a0 \u00a0 \u00a0 \u00a0 \u00a0 \u00a0 \u00a0 \u00a0 \u00a0 \u00a0 \u00a0 \u00a0 \u00a0 \u00a0 \u00a0 \u00a0 \u00a0 \u00a0 \u00a0 \u00a0 \u00a0 \u00a0 \u00a0 \u00a0 \u00a0 \u00a0 \u00a0 \u00a0 \u00a0 \u00a0 \u00a0 \u00a0 <img decoding=\"async\" src=\"https:\/\/opale-videosurveillance.fr\/wp-content\/uploads\/2026\/03\/norme-CE-EN50131-3.png\" width=\"53\" height=\"52\" alt=\"\" class=\"wp-image-420 alignnone size-full\" srcset=\"https:\/\/opale-videosurveillance.fr\/wp-content\/uploads\/2026\/03\/norme-CE-EN50131-3.png 240w, https:\/\/opale-videosurveillance.fr\/wp-content\/uploads\/2026\/03\/norme-CE-EN50131-3-150x150.png 150w\" sizes=\"(max-width: 53px) 100vw, 53px\" \/><\/span><\/p>\n<p style=\"text-align: center;\"><span style=\"color: #808080;\"><\/span><\/p>\n<p>[\/et_pb_text][\/et_pb_column][\/et_pb_row][\/et_pb_section][et_pb_section fb_built=\u00a0\u00bb1&Prime; _builder_version=\u00a0\u00bb4.17.0&Prime; _module_preset=\u00a0\u00bbdefault\u00a0\u00bb custom_padding=\u00a0\u00bb5px||3px|||\u00a0\u00bb global_colors_info=\u00a0\u00bb{}\u00a0\u00bb][et_pb_row _builder_version=\u00a0\u00bb4.17.0&Prime; _module_preset=\u00a0\u00bbdefault\u00a0\u00bb global_colors_info=\u00a0\u00bb{}\u00a0\u00bb][et_pb_column type=\u00a0\u00bb4_4&Prime; _builder_version=\u00a0\u00bb4.17.0&Prime; _module_preset=\u00a0\u00bbdefault\u00a0\u00bb global_colors_info=\u00a0\u00bb{}\u00a0\u00bb][et_pb_text _builder_version=\u00a0\u00bb4.17.0&Prime; _module_preset=\u00a0\u00bbdefault\u00a0\u00bb global_colors_info=\u00a0\u00bb{}\u00a0\u00bb]<\/p>\n<h1 style=\"text-align: center;\"><span style=\"text-decoration: underline;\"><span style=\"color: #993300; text-decoration: underline;\">Quelques r\u00e9alisations<\/span><\/span><\/h1>\n<p>[\/et_pb_text][\/et_pb_column][\/et_pb_row][\/et_pb_section][et_pb_section fb_built=\u00a0\u00bb1&Prime; _builder_version=\u00a0\u00bb4.17.0&Prime; _module_preset=\u00a0\u00bbdefault\u00a0\u00bb use_background_color_gradient=\u00a0\u00bbon\u00a0\u00bb background_color_gradient_type=\u00a0\u00bbcircular\u00a0\u00bb background_color_gradient_stops=\u00a0\u00bb#ffffff 0%|#b3b3b3 90%\u00a0\u00bb background_enable_pattern_style=\u00a0\u00bbon\u00a0\u00bb background_pattern_style=\u00a0\u00bbhoneycomb\u00a0\u00bb background_pattern_transform=\u00a0\u00bbflip_horizontal\u00a0\u00bb background_pattern_horizontal_offset=\u00a0\u00bb84%\u00a0\u00bb background_pattern_blend_mode=\u00a0\u00bblighten\u00a0\u00bb background_enable_mask_style=\u00a0\u00bbon\u00a0\u00bb background_mask_style=\u00a0\u00bbdiagonal-bars\u00a0\u00bb min_height=\u00a0\u00bb400.4px\u00a0\u00bb global_colors_info=\u00a0\u00bb{}\u00a0\u00bb][et_pb_row column_structure=\u00a0\u00bb1_4,1_4,1_4,1_4&Prime; _builder_version=\u00a0\u00bb4.17.0&Prime; _module_preset=\u00a0\u00bbdefault\u00a0\u00bb global_colors_info=\u00a0\u00bb{}\u00a0\u00bb][et_pb_column type=\u00a0\u00bb1_4&Prime; _builder_version=\u00a0\u00bb4.17.0&Prime; _module_preset=\u00a0\u00bbdefault\u00a0\u00bb global_colors_info=\u00a0\u00bb{}\u00a0\u00bb][et_pb_gallery gallery_ids=\u00a0\u00bb227&Prime; show_pagination=\u00a0\u00bboff\u00a0\u00bb _builder_version=\u00a0\u00bb4.17.0&Prime; _module_preset=\u00a0\u00bbdefault\u00a0\u00bb text_orientation=\u00a0\u00bbcenter\u00a0\u00bb global_colors_info=\u00a0\u00bb{}\u00a0\u00bb][\/et_pb_gallery][\/et_pb_column][et_pb_column type=\u00a0\u00bb1_4&Prime; _builder_version=\u00a0\u00bb4.17.0&Prime; _module_preset=\u00a0\u00bbdefault\u00a0\u00bb global_colors_info=\u00a0\u00bb{}\u00a0\u00bb][et_pb_gallery gallery_ids=\u00a0\u00bb228&Prime; _builder_version=\u00a0\u00bb4.17.0&Prime; _module_preset=\u00a0\u00bbdefault\u00a0\u00bb text_orientation=\u00a0\u00bbcenter\u00a0\u00bb global_colors_info=\u00a0\u00bb{}\u00a0\u00bb][\/et_pb_gallery][\/et_pb_column][et_pb_column type=\u00a0\u00bb1_4&Prime; _builder_version=\u00a0\u00bb4.17.0&Prime; _module_preset=\u00a0\u00bbdefault\u00a0\u00bb global_colors_info=\u00a0\u00bb{}\u00a0\u00bb][et_pb_gallery gallery_ids=\u00a0\u00bb229&Prime; _builder_version=\u00a0\u00bb4.17.0&Prime; _module_preset=\u00a0\u00bbdefault\u00a0\u00bb text_orientation=\u00a0\u00bbcenter\u00a0\u00bb global_colors_info=\u00a0\u00bb{}\u00a0\u00bb][\/et_pb_gallery][\/et_pb_column][et_pb_column type=\u00a0\u00bb1_4&Prime; _builder_version=\u00a0\u00bb4.17.0&Prime; _module_preset=\u00a0\u00bbdefault\u00a0\u00bb global_colors_info=\u00a0\u00bb{}\u00a0\u00bb][et_pb_gallery gallery_ids=\u00a0\u00bb230&Prime; _builder_version=\u00a0\u00bb4.17.0&Prime; _module_preset=\u00a0\u00bbdefault\u00a0\u00bb text_orientation=\u00a0\u00bbcenter\u00a0\u00bb global_colors_info=\u00a0\u00bb{}\u00a0\u00bb][\/et_pb_gallery][\/et_pb_column][\/et_pb_row][et_pb_row _builder_version=\u00a0\u00bb4.17.0&Prime; _module_preset=\u00a0\u00bbdefault\u00a0\u00bb global_colors_info=\u00a0\u00bb{}\u00a0\u00bb][et_pb_column type=\u00a0\u00bb4_4&Prime; _builder_version=\u00a0\u00bb4.17.0&Prime; _module_preset=\u00a0\u00bbdefault\u00a0\u00bb global_colors_info=\u00a0\u00bb{}\u00a0\u00bb][et_pb_gallery gallery_ids=\u00a0\u00bb355,356,357,358,359,360,361,362,363,364,365&Prime; posts_number=\u00a0\u00bb12&Prime; show_title_and_caption=\u00a0\u00bboff\u00a0\u00bb _builder_version=\u00a0\u00bb4.17.0&Prime; _module_preset=\u00a0\u00bbdefault\u00a0\u00bb global_colors_info=\u00a0\u00bb{}\u00a0\u00bb][\/et_pb_gallery][\/et_pb_column][\/et_pb_row][\/et_pb_section][et_pb_section fb_built=\u00a0\u00bb1&Prime; _builder_version=\u00a0\u00bb4.17.0&Prime; _module_preset=\u00a0\u00bbdefault\u00a0\u00bb background_color=\u00a0\u00bb#000000&Prime; global_colors_info=\u00a0\u00bb{}\u00a0\u00bb][et_pb_row column_structure=\u00a0\u00bb1_2,1_2&Prime; _builder_version=\u00a0\u00bb4.17.0&Prime; _module_preset=\u00a0\u00bbdefault\u00a0\u00bb global_colors_info=\u00a0\u00bb{}\u00a0\u00bb][et_pb_column type=\u00a0\u00bb1_2&Prime; _builder_version=\u00a0\u00bb4.17.0&Prime; _module_preset=\u00a0\u00bbdefault\u00a0\u00bb global_colors_info=\u00a0\u00bb{}\u00a0\u00bb][et_pb_text _builder_version=\u00a0\u00bb4.17.0&Prime; _module_preset=\u00a0\u00bbdefault\u00a0\u00bb global_colors_info=\u00a0\u00bb{}\u00a0\u00bb]<\/p>\n<h4 style=\"text-align: center;\"><span style=\"color: #808080;\"><strong>Venez nous rencontrer dans notre show room de Calais<\/strong><\/span><\/h4>\n<h4 style=\"text-align: center;\"><span style=\"color: #808080;\"><strong>128 boulevard Lafayette 62100 calais<\/strong><\/span><\/h4>\n<h4 style=\"text-align: center;\"><span style=\"color: #808080;\"><strong>03 21 17 36 90<\/strong><\/span><\/h4>\n<h4 style=\"text-align: center;\"><span style=\"color: #808080;\"><strong>Ouvert du lundi au vendredi de 14h \u00e0 18h<\/strong><\/span><\/h4>\n<p>[\/et_pb_text][\/et_pb_column][et_pb_column type=\u00a0\u00bb1_2&Prime; _builder_version=\u00a0\u00bb4.17.0&Prime; _module_preset=\u00a0\u00bbdefault\u00a0\u00bb global_colors_info=\u00a0\u00bb{}\u00a0\u00bb][et_pb_text _builder_version=\u00a0\u00bb4.17.0&Prime; _module_preset=\u00a0\u00bbdefault\u00a0\u00bb global_colors_info=\u00a0\u00bb{}\u00a0\u00bb]<\/p>\n<p style=\"text-align: center;\"><span style=\"color: #999999;\">Installateur vid\u00e9osurveillance Calais Dunkerque saint Omer Calais<\/span><\/p>\n<p style=\"text-align: center;\"><span style=\"color: #999999;\">Installateur alarmes <\/span><\/p>\n<p style=\"text-align: center;\"><span style=\"color: #999999;\">Installateur contr\u00f4le d&rsquo;acc\u00e8s<\/span><\/p>\n<p style=\"text-align: center;\"><span style=\"color: #999999;\">Installateur portiers vid\u00e9o.<\/span><\/p>\n<p>[\/et_pb_text][\/et_pb_column][\/et_pb_row][\/et_pb_section]<\/p>\n","protected":false},"excerpt":{"rendered":"<p>Installateur de syst\u00e8mes de vid\u00e9oprotection et d&rsquo;alarmes intrusion depuis 2006.Opale videosurveillance by Point technologies Sp\u00e9cialiste de l&rsquo;installation de syst\u00e8mes de s\u00e9curit\u00e9 Entreprise sp\u00e9cialis\u00e9e dans les syt\u00e8mes de protections et de surveillance des locaux et habitations pour les particuliers et les professionnels. &nbsp; Nous installons des syst\u00e8mes d&rsquo;alarme filaire et sans fil pour les professionnels et [&hellip;]<\/p>\n","protected":false},"author":1,"featured_media":0,"parent":0,"menu_order":0,"comment_status":"closed","ping_status":"closed","template":"","meta":{"_et_pb_use_builder":"on","_et_pb_old_content":"","_et_gb_content_width":"","footnotes":""},"class_list":["post-146","page","type-page","status-publish","hentry"],"yoast_head":"<!-- This site is optimized with the Yoast SEO plugin v27.2 - https:\/\/yoast.com\/product\/yoast-seo-wordpress\/ -->\n<title>Solutions de s\u00e9curit\u00e9 - Opale vid\u00e9o-surveillance<\/title>\n<meta name=\"robots\" content=\"index, follow, max-snippet:-1, max-image-preview:large, max-video-preview:-1\" \/>\n<link rel=\"canonical\" href=\"https:\/\/opale-videosurveillance.fr\/\" \/>\n<meta property=\"og:locale\" content=\"fr_FR\" \/>\n<meta property=\"og:type\" content=\"article\" \/>\n<meta property=\"og:title\" content=\"Solutions de s\u00e9curit\u00e9 - Opale vid\u00e9o-surveillance\" \/>\n<meta property=\"og:description\" content=\"Installateur de syst\u00e8mes de vid\u00e9oprotection et d&#039;alarmes intrusion depuis 2006.Opale videosurveillance by Point technologies Sp\u00e9cialiste de l&#039;installation de syst\u00e8mes de s\u00e9curit\u00e9 Entreprise sp\u00e9cialis\u00e9e dans les syt\u00e8mes de protections et de surveillance des locaux et habitations pour les particuliers et les professionnels. &nbsp; Nous installons des syst\u00e8mes d&#039;alarme filaire et sans fil pour les professionnels et [&hellip;]\" \/>\n<meta property=\"og:url\" content=\"https:\/\/opale-videosurveillance.fr\/\" \/>\n<meta property=\"og:site_name\" content=\"Opale vid\u00e9o-surveillance\" \/>\n<meta property=\"article:publisher\" content=\"https:\/\/www.facebook.com\/opalevideosurveillance\" \/>\n<meta property=\"article:modified_time\" content=\"2026-03-25T09:59:25+00:00\" \/>\n<meta property=\"og:image\" content=\"https:\/\/opale-videosurveillance.fr\/wp-content\/uploads\/2024\/04\/logo-point-tech-new.png\" \/>\n\t<meta property=\"og:image:width\" content=\"1755\" \/>\n\t<meta property=\"og:image:height\" content=\"1080\" \/>\n\t<meta property=\"og:image:type\" content=\"image\/png\" \/>\n<meta name=\"twitter:card\" content=\"summary_large_image\" \/>\n<meta name=\"twitter:label1\" content=\"Dur\u00e9e de lecture estim\u00e9e\" \/>\n\t<meta name=\"twitter:data1\" content=\"5 minutes\" \/>\n<script type=\"application\/ld+json\" class=\"yoast-schema-graph\">{\"@context\":\"https:\/\/schema.org\",\"@graph\":[{\"@type\":\"WebPage\",\"@id\":\"https:\/\/opale-videosurveillance.fr\/\",\"url\":\"https:\/\/opale-videosurveillance.fr\/\",\"name\":\"Solutions de s\u00e9curit\u00e9 - Opale vid\u00e9o-surveillance\",\"isPartOf\":{\"@id\":\"https:\/\/opale-videosurveillance.fr\/#website\"},\"primaryImageOfPage\":{\"@id\":\"https:\/\/opale-videosurveillance.fr\/#primaryimage\"},\"image\":{\"@id\":\"https:\/\/opale-videosurveillance.fr\/#primaryimage\"},\"thumbnailUrl\":\"https:\/\/opale-videosurveillance.fr\/wp-content\/uploads\/2024\/04\/logo-point-tech-new-300x185.png\",\"datePublished\":\"2024-03-06T17:44:18+00:00\",\"dateModified\":\"2026-03-25T09:59:25+00:00\",\"breadcrumb\":{\"@id\":\"https:\/\/opale-videosurveillance.fr\/#breadcrumb\"},\"inLanguage\":\"fr-FR\",\"potentialAction\":[{\"@type\":\"ReadAction\",\"target\":[\"https:\/\/opale-videosurveillance.fr\/\"]}]},{\"@type\":\"ImageObject\",\"inLanguage\":\"fr-FR\",\"@id\":\"https:\/\/opale-videosurveillance.fr\/#primaryimage\",\"url\":\"https:\/\/opale-videosurveillance.fr\/wp-content\/uploads\/2024\/04\/logo-point-tech-new.png\",\"contentUrl\":\"https:\/\/opale-videosurveillance.fr\/wp-content\/uploads\/2024\/04\/logo-point-tech-new.png\",\"width\":1755,\"height\":1080},{\"@type\":\"BreadcrumbList\",\"@id\":\"https:\/\/opale-videosurveillance.fr\/#breadcrumb\",\"itemListElement\":[{\"@type\":\"ListItem\",\"position\":1,\"name\":\"Accueil\",\"item\":\"https:\/\/opale-videosurveillance.fr\/\"},{\"@type\":\"ListItem\",\"position\":2,\"name\":\"Solutions de s\u00e9curit\u00e9\"}]},{\"@type\":\"WebSite\",\"@id\":\"https:\/\/opale-videosurveillance.fr\/#website\",\"url\":\"https:\/\/opale-videosurveillance.fr\/\",\"name\":\"Opale vid\u00e9o-surveillance\",\"description\":\"S\u00e9curit\u00e9 connect\u00e9e\",\"publisher\":{\"@id\":\"https:\/\/opale-videosurveillance.fr\/#organization\"},\"potentialAction\":[{\"@type\":\"SearchAction\",\"target\":{\"@type\":\"EntryPoint\",\"urlTemplate\":\"https:\/\/opale-videosurveillance.fr\/?s={search_term_string}\"},\"query-input\":{\"@type\":\"PropertyValueSpecification\",\"valueRequired\":true,\"valueName\":\"search_term_string\"}}],\"inLanguage\":\"fr-FR\"},{\"@type\":\"Organization\",\"@id\":\"https:\/\/opale-videosurveillance.fr\/#organization\",\"name\":\"Opale vid\u00e9o-surveillance\",\"url\":\"https:\/\/opale-videosurveillance.fr\/\",\"logo\":{\"@type\":\"ImageObject\",\"inLanguage\":\"fr-FR\",\"@id\":\"https:\/\/opale-videosurveillance.fr\/#\/schema\/logo\/image\/\",\"url\":\"https:\/\/opale-videosurveillance.fr\/wp-content\/uploads\/2024\/04\/logo-point-tech-new.png\",\"contentUrl\":\"https:\/\/opale-videosurveillance.fr\/wp-content\/uploads\/2024\/04\/logo-point-tech-new.png\",\"width\":1755,\"height\":1080,\"caption\":\"Opale vid\u00e9o-surveillance\"},\"image\":{\"@id\":\"https:\/\/opale-videosurveillance.fr\/#\/schema\/logo\/image\/\"},\"sameAs\":[\"https:\/\/www.facebook.com\/opalevideosurveillance\"]}]}<\/script>\n<!-- \/ Yoast SEO plugin. -->","yoast_head_json":{"title":"Solutions de s\u00e9curit\u00e9 - Opale vid\u00e9o-surveillance","robots":{"index":"index","follow":"follow","max-snippet":"max-snippet:-1","max-image-preview":"max-image-preview:large","max-video-preview":"max-video-preview:-1"},"canonical":"https:\/\/opale-videosurveillance.fr\/","og_locale":"fr_FR","og_type":"article","og_title":"Solutions de s\u00e9curit\u00e9 - Opale vid\u00e9o-surveillance","og_description":"Installateur de syst\u00e8mes de vid\u00e9oprotection et d'alarmes intrusion depuis 2006.Opale videosurveillance by Point technologies Sp\u00e9cialiste de l'installation de syst\u00e8mes de s\u00e9curit\u00e9 Entreprise sp\u00e9cialis\u00e9e dans les syt\u00e8mes de protections et de surveillance des locaux et habitations pour les particuliers et les professionnels. &nbsp; Nous installons des syst\u00e8mes d'alarme filaire et sans fil pour les professionnels et [&hellip;]","og_url":"https:\/\/opale-videosurveillance.fr\/","og_site_name":"Opale vid\u00e9o-surveillance","article_publisher":"https:\/\/www.facebook.com\/opalevideosurveillance","article_modified_time":"2026-03-25T09:59:25+00:00","og_image":[{"width":1755,"height":1080,"url":"https:\/\/opale-videosurveillance.fr\/wp-content\/uploads\/2024\/04\/logo-point-tech-new.png","type":"image\/png"}],"twitter_card":"summary_large_image","twitter_misc":{"Dur\u00e9e de lecture estim\u00e9e":"5 minutes"},"schema":{"@context":"https:\/\/schema.org","@graph":[{"@type":"WebPage","@id":"https:\/\/opale-videosurveillance.fr\/","url":"https:\/\/opale-videosurveillance.fr\/","name":"Solutions de s\u00e9curit\u00e9 - Opale vid\u00e9o-surveillance","isPartOf":{"@id":"https:\/\/opale-videosurveillance.fr\/#website"},"primaryImageOfPage":{"@id":"https:\/\/opale-videosurveillance.fr\/#primaryimage"},"image":{"@id":"https:\/\/opale-videosurveillance.fr\/#primaryimage"},"thumbnailUrl":"https:\/\/opale-videosurveillance.fr\/wp-content\/uploads\/2024\/04\/logo-point-tech-new-300x185.png","datePublished":"2024-03-06T17:44:18+00:00","dateModified":"2026-03-25T09:59:25+00:00","breadcrumb":{"@id":"https:\/\/opale-videosurveillance.fr\/#breadcrumb"},"inLanguage":"fr-FR","potentialAction":[{"@type":"ReadAction","target":["https:\/\/opale-videosurveillance.fr\/"]}]},{"@type":"ImageObject","inLanguage":"fr-FR","@id":"https:\/\/opale-videosurveillance.fr\/#primaryimage","url":"https:\/\/opale-videosurveillance.fr\/wp-content\/uploads\/2024\/04\/logo-point-tech-new.png","contentUrl":"https:\/\/opale-videosurveillance.fr\/wp-content\/uploads\/2024\/04\/logo-point-tech-new.png","width":1755,"height":1080},{"@type":"BreadcrumbList","@id":"https:\/\/opale-videosurveillance.fr\/#breadcrumb","itemListElement":[{"@type":"ListItem","position":1,"name":"Accueil","item":"https:\/\/opale-videosurveillance.fr\/"},{"@type":"ListItem","position":2,"name":"Solutions de s\u00e9curit\u00e9"}]},{"@type":"WebSite","@id":"https:\/\/opale-videosurveillance.fr\/#website","url":"https:\/\/opale-videosurveillance.fr\/","name":"Opale vid\u00e9o-surveillance","description":"S\u00e9curit\u00e9 connect\u00e9e","publisher":{"@id":"https:\/\/opale-videosurveillance.fr\/#organization"},"potentialAction":[{"@type":"SearchAction","target":{"@type":"EntryPoint","urlTemplate":"https:\/\/opale-videosurveillance.fr\/?s={search_term_string}"},"query-input":{"@type":"PropertyValueSpecification","valueRequired":true,"valueName":"search_term_string"}}],"inLanguage":"fr-FR"},{"@type":"Organization","@id":"https:\/\/opale-videosurveillance.fr\/#organization","name":"Opale vid\u00e9o-surveillance","url":"https:\/\/opale-videosurveillance.fr\/","logo":{"@type":"ImageObject","inLanguage":"fr-FR","@id":"https:\/\/opale-videosurveillance.fr\/#\/schema\/logo\/image\/","url":"https:\/\/opale-videosurveillance.fr\/wp-content\/uploads\/2024\/04\/logo-point-tech-new.png","contentUrl":"https:\/\/opale-videosurveillance.fr\/wp-content\/uploads\/2024\/04\/logo-point-tech-new.png","width":1755,"height":1080,"caption":"Opale vid\u00e9o-surveillance"},"image":{"@id":"https:\/\/opale-videosurveillance.fr\/#\/schema\/logo\/image\/"},"sameAs":["https:\/\/www.facebook.com\/opalevideosurveillance"]}]}},"_links":{"self":[{"href":"https:\/\/opale-videosurveillance.fr\/wp-json\/wp\/v2\/pages\/146","targetHints":{"allow":["GET"]}}],"collection":[{"href":"https:\/\/opale-videosurveillance.fr\/wp-json\/wp\/v2\/pages"}],"about":[{"href":"https:\/\/opale-videosurveillance.fr\/wp-json\/wp\/v2\/types\/page"}],"author":[{"embeddable":true,"href":"https:\/\/opale-videosurveillance.fr\/wp-json\/wp\/v2\/users\/1"}],"replies":[{"embeddable":true,"href":"https:\/\/opale-videosurveillance.fr\/wp-json\/wp\/v2\/comments?post=146"}],"version-history":[{"count":22,"href":"https:\/\/opale-videosurveillance.fr\/wp-json\/wp\/v2\/pages\/146\/revisions"}],"predecessor-version":[{"id":421,"href":"https:\/\/opale-videosurveillance.fr\/wp-json\/wp\/v2\/pages\/146\/revisions\/421"}],"wp:attachment":[{"href":"https:\/\/opale-videosurveillance.fr\/wp-json\/wp\/v2\/media?parent=146"}],"curies":[{"name":"wp","href":"https:\/\/api.w.org\/{rel}","templated":true}]}}